{"id":645,"date":"2015-07-01T01:47:46","date_gmt":"2015-07-01T01:47:46","guid":{"rendered":"https:\/\/keystol.com\/?page_id=645"},"modified":"2020-04-21T19:20:13","modified_gmt":"2020-04-21T19:20:13","slug":"project-management","status":"publish","type":"page","link":"https:\/\/keystol.com\/?page_id=645","title":{"rendered":"DOM\u00d3TICA ILUMINACI\u00d3N-AUDIO-VIDEO-SEGURIDAD-CALEFACCI\u00d3N"},"content":{"rendered":"<p><div class=\"fusion-bg-parallax\"  data-bg-align=\"left center\" data-direction=\"up\" data-mute=\"false\" data-opacity=\"100\" data-velocity=\"-0.3\" data-mobile-enabled=\"false\" data-break_parents=\"0\" data-bg-image=\"https:\/\/keystol.com\/wp-content\/uploads\/2015\/02\/home-section5.jpg\" data-bg-repeat=\"false\" data-bg-height=\"\" data-bg-width=\"\"><\/div><div class=\"fusion-fullwidth fullwidth-box fusion-builder-row-1 fusion-parallax-up nonhundred-percent-fullwidth non-hundred-percent-height-scrolling\"  style='background-color: rgba(255,255,255,0);background-image: url(\"https:\/\/keystol.com\/wp-content\/uploads\/2015\/02\/home-section5.jpg\");background-position: left center;background-repeat: no-repeat;padding-top:130px;padding-right:0px;padding-bottom:120px;padding-left:0px;border-top-width:0px;border-bottom-width:0px;border-color:#eae9e9;border-top-style:solid;border-bottom-style:solid;-webkit-background-size:cover;-moz-background-size:cover;-o-background-size:cover;background-size:cover;'><div class=\"fusion-builder-row fusion-row \"><div  class=\"fusion-layout-column fusion_builder_column fusion_builder_column_1_2 fusion-builder-column-0 fusion-one-half fusion-column-first 1_2\"  style='margin-top:0px;margin-bottom:20px;width:48%; margin-right: 4%;'><div class=\"fusion-column-wrapper\" style=\"padding: 0px 0px 0px 0px;background-position:left top;background-repeat:no-repeat;-webkit-background-size:cover;-moz-background-size:cover;-o-background-size:cover;background-size:cover;\"   data-bg-url=\"\"><div class=\"fusion-text\"><h2><span style=\"color: #ffffff;\">PROYECTOS DE DOM\u00d3TICA COMPLETA CENTRALIZADA<\/span><\/h2>\n<h2 class=\"theadline\"><span style=\"font-size: 16px; color: #ffffff;\">A trav\u00e9s del sistema KNX pueden controlarse y automatizarse\u00a0 sin problemas funciones como la Iluminaci\u00f3n, Audio y V\u00eddeo, Seguridad, sistema de Cerramientos, Calefacci\u00f3n y\u00a0Ventilaci\u00f3n. Las funciones pueden conectarse en red entre s\u00ed y adaptarse de forma individual a los deseos y las necesidades de su negocio. Y todo desde un dispositivo personal.<\/span><\/h2>\n<\/div><div class=\"fusion-sep-clear\"><\/div><div class=\"fusion-separator fusion-full-width-sep sep-none\" style=\"margin-left: auto;margin-right: auto;margin-top:20px;\"><\/div><div class=\"fusion-clearfix\"><\/div><\/div><\/div><div  class=\"fusion-layout-column fusion_builder_column fusion_builder_column_1_2 fusion-builder-column-1 fusion-one-half fusion-column-last 1_2\"  style='margin-top:0px;margin-bottom:20px;width:48%'><div class=\"fusion-column-wrapper\" style=\"padding: 0px 0px 0px 0px;background-position:left top;background-repeat:no-repeat;-webkit-background-size:cover;-moz-background-size:cover;-o-background-size:cover;background-size:cover;\"   data-bg-url=\"\"><div class=\"fusion-clearfix\"><\/div><\/div><\/div><\/div><\/div><div class=\"fusion-fullwidth fullwidth-box fusion-builder-row-2 nonhundred-percent-fullwidth non-hundred-percent-height-scrolling\"  style='background-color: rgba(255,255,255,0);background-position: left top;background-repeat: no-repeat;padding-top:130px;padding-right:0px;padding-bottom:130px;padding-left:0px;border-top-width:0px;border-bottom-width:0px;border-color:#eae9e9;border-top-style:solid;border-bottom-style:solid;'><div class=\"fusion-builder-row fusion-row \"><div  class=\"fusion-layout-column fusion_builder_column fusion_builder_column_2_3 fusion-builder-column-2 fusion-two-third fusion-column-first 2_3\"  style='margin-top:0px;margin-bottom:20px;width:65.3333%; margin-right: 4%;'><div class=\"fusion-column-wrapper\" style=\"padding: 0px 0px 0px 0px;background-position:left top;background-repeat:no-repeat;-webkit-background-size:cover;-moz-background-size:cover;-o-background-size:cover;background-size:cover;\"   data-bg-url=\"\"><div class=\"fusion-text\"><h2>AMBIENTE PERFECTO<\/h2>\n<\/div><div class=\"fusion-sep-clear\"><\/div><div class=\"fusion-separator sep-single sep-solid\" style=\"border-color:#e2e3e8;border-top-width:3px;margin-top:0px;margin-bottom:35px;width:100%;max-width:170px;\"><\/div><div class=\"fusion-text\"><h3><em>Nuestros proyectos de Dom\u00f3tica, hace que tenga en sus manos, el control de todo su negocio, incluso desde su casa.<\/em><\/h3>\n<\/div><div class=\"fusion-text\"><h2><\/h2>\n<h2 class=\"theadline\">El sistema Gira KNX:<br \/>\ninteligencia en todo su negocio<\/h2>\n<div class=\"tcontent t1\">\n<p class=\"nobottomspacing text1\">El moderno sistema Gira KNX abre una nueva dimensi\u00f3n en su negocio. El concepto inteligente para la conexi\u00f3n en red y el control de la dom\u00f3tica aumenta notablemente el confort de su negocio y, al mismo tiempo, garantiza una mayor seguridad y costes energ\u00e9ticos m\u00e1s bajos.<\/p>\n<\/div>\n<\/div><div class=\"fusion-clearfix\"><\/div><\/div><\/div><div  class=\"fusion-layout-column fusion_builder_column fusion_builder_column_1_3 fusion-builder-column-3 fusion-one-third fusion-column-last 1_3\"  style='margin-top:0px;margin-bottom:20px;width:30.6666%'><div class=\"fusion-column-wrapper\" style=\"padding: 0px 0px 0px 0px;background-position:left top;background-repeat:no-repeat;-webkit-background-size:cover;-moz-background-size:cover;-o-background-size:cover;background-size:cover;\"   data-bg-url=\"\"><span class=\"fusion-imageframe imageframe-none imageframe-1 hover-type-zoomin fusion-animated\" data-animationType=\"fadeInDown\" data-animationDuration=\"1.0\" data-animationOffset=\"100%\"><a href=\"https:\/\/keystol.com\/wp-content\/uploads\/2020\/04\/foto11-700x1024.jpg\" class=\"fusion-lightbox\" data-rel=\"iLightbox[be2abefedffef0fa495]\" data-title=\"foto11\" title=\"foto11\"><img decoding=\"async\" loading=\"lazy\" src=\"https:\/\/keystol.com\/wp-content\/uploads\/2020\/04\/foto11-700x1024.jpg\" width=\"700\" height=\"1024\" alt=\"\" class=\"img-responsive wp-image-1082\" srcset=\"https:\/\/keystol.com\/wp-content\/uploads\/2020\/04\/foto11-200x293.jpg 200w, https:\/\/keystol.com\/wp-content\/uploads\/2020\/04\/foto11-400x585.jpg 400w, https:\/\/keystol.com\/wp-content\/uploads\/2020\/04\/foto11-600x878.jpg 600w, https:\/\/keystol.com\/wp-content\/uploads\/2020\/04\/foto11.jpg 750w\" sizes=\"(max-width: 800px) 100vw, 400px\" \/><\/a><\/span><div class=\"fusion-clearfix\"><\/div><\/div><\/div><\/div><\/div><div class=\"fusion-fullwidth fullwidth-box fusion-builder-row-3 nonhundred-percent-fullwidth non-hundred-percent-height-scrolling fusion-equal-height-columns\"  style='background-color: rgba(255,255,255,0);background-position: left top;background-repeat: no-repeat;padding-top:130px;padding-right:0px;padding-bottom:110px;padding-left:0px;border-top-width:0px;border-bottom-width:0px;border-color:#eae9e9;border-top-style:solid;border-bottom-style:solid;'><div class=\"fusion-builder-row fusion-row \"><div  class=\"fusion-layout-column fusion_builder_column fusion_builder_column_3_5 fusion-builder-column-4 fusion-three-fifth fusion-column-first 3_5\"  style='margin-top:0px;margin-bottom:40px;width:58.4%; margin-right: 4%;'><div class=\"fusion-column-wrapper\" style=\"background-color:#f8f8f8;padding: 0px 0px 0px 0px;background-position:left top;background-repeat:no-repeat;-webkit-background-size:cover;-moz-background-size:cover;-o-background-size:cover;background-size:cover;\"   data-bg-url=\"\"><div class=\"imageframe-align-center\"><span class=\"fusion-imageframe imageframe-none imageframe-2 hover-type-zoomin\"><a href=\"https:\/\/keystol.com\/wp-content\/uploads\/2020\/04\/domo44-1024x660.jpg\" class=\"fusion-lightbox\" data-rel=\"iLightbox[d405e700ed56bab157e]\" data-title=\"domo44\" title=\"domo44\"><img decoding=\"async\" loading=\"lazy\" src=\"https:\/\/keystol.com\/wp-content\/uploads\/2020\/04\/domo44-1024x660.jpg\" width=\"1024\" height=\"660\" alt=\"\" class=\"img-responsive wp-image-1085\" srcset=\"https:\/\/keystol.com\/wp-content\/uploads\/2020\/04\/domo44-200x129.jpg 200w, https:\/\/keystol.com\/wp-content\/uploads\/2020\/04\/domo44-400x258.jpg 400w, https:\/\/keystol.com\/wp-content\/uploads\/2020\/04\/domo44-600x387.jpg 600w, https:\/\/keystol.com\/wp-content\/uploads\/2020\/04\/domo44-800x515.jpg 800w, https:\/\/keystol.com\/wp-content\/uploads\/2020\/04\/domo44-1200x773.jpg 1200w, https:\/\/keystol.com\/wp-content\/uploads\/2020\/04\/domo44.jpg 1366w\" sizes=\"(max-width: 800px) 100vw, 800px\" \/><\/a><\/span><\/div><div class=\"fusion-text\"><div style=\"padding: 25px;\">\n<h4><strong>Controle los par\u00e1metros de su negocio:<\/strong><\/h4>\n<p>Crear el mejor ambiente para que nuestros clientes se encuentren confortables, es nuestro principal objetivo.<\/p>\n<\/div>\n<\/div><div class=\"fusion-clearfix\"><\/div><\/div><\/div><div  class=\"fusion-layout-column fusion_builder_column fusion_builder_column_2_5 fusion-builder-column-5 fusion-two-fifth fusion-column-last 2_5\"  style='margin-top:0px;margin-bottom:20px;width:37.6%'><div class=\"fusion-column-wrapper\" style=\"background-color:#f8f8f8;padding: 0px 0px 0px 0px;background-position:left top;background-repeat:no-repeat;-webkit-background-size:cover;-moz-background-size:cover;-o-background-size:cover;background-size:cover;\"   data-bg-url=\"\"><div class=\"imageframe-align-center\"><span class=\"fusion-imageframe imageframe-none imageframe-3 hover-type-zoomin\"><a href=\"https:\/\/keystol.com\/wp-content\/uploads\/2020\/04\/domo-22.jpg\" class=\"fusion-lightbox\" data-rel=\"iLightbox[63bfab70a3a320f647b]\" data-title=\"domo 22\" title=\"domo 22\"><img decoding=\"async\" loading=\"lazy\" src=\"https:\/\/keystol.com\/wp-content\/uploads\/2020\/04\/domo-22.jpg\" width=\"580\" height=\"580\" alt=\"\" class=\"img-responsive wp-image-1083\" srcset=\"https:\/\/keystol.com\/wp-content\/uploads\/2020\/04\/domo-22-200x200.jpg 200w, https:\/\/keystol.com\/wp-content\/uploads\/2020\/04\/domo-22-400x400.jpg 400w, https:\/\/keystol.com\/wp-content\/uploads\/2020\/04\/domo-22.jpg 580w\" sizes=\"(max-width: 800px) 100vw, 580px\" \/><\/a><\/span><\/div><div class=\"fusion-text\"><h4><\/h4>\n<h4><strong>\u00a0 \u00a0 \u00a0Desde cualquier dispositivo y en remoto,\u00a0 \u00a0 \u00a0 \u00a0 \u00a0 \u00a0 \u00a0 \u00a0 \u00a0 \u00a0 \u00a0siempre tendr\u00e1 el control de su negocio.<\/strong><\/h4>\n<\/div><div class=\"fusion-clearfix\"><\/div><\/div><\/div><\/div><\/div><\/p>\n","protected":false},"excerpt":{"rendered":"","protected":false},"author":1,"featured_media":0,"parent":0,"menu_order":0,"comment_status":"closed","ping_status":"open","template":"100-width.php","meta":[],"_links":{"self":[{"href":"https:\/\/keystol.com\/index.php?rest_route=\/wp\/v2\/pages\/645"}],"collection":[{"href":"https:\/\/keystol.com\/index.php?rest_route=\/wp\/v2\/pages"}],"about":[{"href":"https:\/\/keystol.com\/index.php?rest_route=\/wp\/v2\/types\/page"}],"author":[{"embeddable":true,"href":"https:\/\/keystol.com\/index.php?rest_route=\/wp\/v2\/users\/1"}],"replies":[{"embeddable":true,"href":"https:\/\/keystol.com\/index.php?rest_route=%2Fwp%2Fv2%2Fcomments&post=645"}],"version-history":[{"count":3,"href":"https:\/\/keystol.com\/index.php?rest_route=\/wp\/v2\/pages\/645\/revisions"}],"predecessor-version":[{"id":1081,"href":"https:\/\/keystol.com\/index.php?rest_route=\/wp\/v2\/pages\/645\/revisions\/1081"}],"wp:attachment":[{"href":"https:\/\/keystol.com\/index.php?rest_route=%2Fwp%2Fv2%2Fmedia&parent=645"}],"curies":[{"name":"wp","href":"https:\/\/api.w.org\/{rel}","templated":true}]}}